{"id":49,"date":"2025-09-05T10:12:10","date_gmt":"2025-09-05T10:12:10","guid":{"rendered":"https:\/\/www.psykiatriogterapi.dk\/?page_id=49"},"modified":"2025-09-05T10:13:36","modified_gmt":"2025-09-05T10:13:36","slug":"sikkerhed-i-klinikken-2","status":"publish","type":"page","link":"https:\/\/www.psykiatriogterapi.dk\/?page_id=49","title":{"rendered":"Sikkerhed i klinikken"},"content":{"rendered":"\t\t<div data-elementor-type=\"wp-page\" data-elementor-id=\"49\" class=\"elementor elementor-49\" data-elementor-post-type=\"page\">\n\t\t\t\t<div class=\"elementor-element elementor-element-bc59c23 e-flex e-con-boxed e-con e-parent\" data-id=\"bc59c23\" data-element_type=\"container\" data-e-type=\"container\">\n\t\t\t\t\t<div class=\"e-con-inner\">\n\t\t\t\t<div class=\"elementor-element elementor-element-8a12645 elementor-widget elementor-widget-text-editor\" data-id=\"8a12645\" data-element_type=\"widget\" data-e-type=\"widget\" data-widget_type=\"text-editor.default\">\n\t\t\t\t\t\t\t\t\t<p><a href=\"https:\/\/www.psykiatriogterapi.dk\/wp-content\/uploads\/2025\/09\/Klick-paa-dette-link-for-rapport-om-hoeringsudkast-til-tilsynsrapport-for-patientsikkerhed-1.pdf\">Klick p\u00e5 dette link for rapport om h\u00f8ringsudkast til tilsynsrapport for patientsikkerhed (1)<\/a><\/p>\t\t\t\t\t\t\t\t<\/div>\n\t\t\t\t\t<\/div>\n\t\t\t\t<\/div>\n\t\t<div class=\"elementor-element elementor-element-1bfdf1b e-flex e-con-boxed e-con e-parent\" data-id=\"1bfdf1b\" data-element_type=\"container\" data-e-type=\"container\">\n\t\t\t\t\t<div class=\"e-con-inner\">\n\t\t\t\t<div class=\"elementor-element elementor-element-6b4926b elementor-widget elementor-widget-text-editor\" data-id=\"6b4926b\" data-element_type=\"widget\" data-e-type=\"widget\" data-widget_type=\"text-editor.default\">\n\t\t\t\t\t\t\t\t\t<p><a href=\"https:\/\/www.psykiatriogterapi.dk\/wp-content\/uploads\/2025\/09\/Klik-paa-dette-link-for-at-downloade-klinikkens-Certifikat-for-Akkreditering_.pdf\">Klik p\u00e5 dette link for at downloade klinikkens Certifikat for Akkreditering_<\/a><\/p>\t\t\t\t\t\t\t\t<\/div>\n\t\t\t\t\t<\/div>\n\t\t\t\t<\/div>\n\t\t\t\t<\/div>\n\t\t","protected":false},"excerpt":{"rendered":"<p>Klick p\u00e5 dette link for rapport om h\u00f8ringsudkast til tilsynsrapport for patientsikkerhed (1) Klik p\u00e5 dette link for at downloade klinikkens Certifikat for Akkreditering_<\/p>\n","protected":false},"author":1,"featured_media":0,"parent":0,"menu_order":0,"comment_status":"closed","ping_status":"closed","template":"","meta":{"footnotes":""},"class_list":["post-49","page","type-page","status-publish","hentry"],"_links":{"self":[{"href":"https:\/\/www.psykiatriogterapi.dk\/index.php?rest_route=\/wp\/v2\/pages\/49","targetHints":{"allow":["GET"]}}],"collection":[{"href":"https:\/\/www.psykiatriogterapi.dk\/index.php?rest_route=\/wp\/v2\/pages"}],"about":[{"href":"https:\/\/www.psykiatriogterapi.dk\/index.php?rest_route=\/wp\/v2\/types\/page"}],"author":[{"embeddable":true,"href":"https:\/\/www.psykiatriogterapi.dk\/index.php?rest_route=\/wp\/v2\/users\/1"}],"replies":[{"embeddable":true,"href":"https:\/\/www.psykiatriogterapi.dk\/index.php?rest_route=%2Fwp%2Fv2%2Fcomments&post=49"}],"version-history":[{"count":4,"href":"https:\/\/www.psykiatriogterapi.dk\/index.php?rest_route=\/wp\/v2\/pages\/49\/revisions"}],"predecessor-version":[{"id":54,"href":"https:\/\/www.psykiatriogterapi.dk\/index.php?rest_route=\/wp\/v2\/pages\/49\/revisions\/54"}],"wp:attachment":[{"href":"https:\/\/www.psykiatriogterapi.dk\/index.php?rest_route=%2Fwp%2Fv2%2Fmedia&parent=49"}],"curies":[{"name":"wp","href":"https:\/\/api.w.org\/{rel}","templated":true}]}}